{"id":284,"date":"2023-05-18T16:55:08","date_gmt":"2023-05-18T16:55:08","guid":{"rendered":"https:\/\/www.strosseggwirt.at\/?page_id=284"},"modified":"2025-05-30T15:33:25","modified_gmt":"2025-05-30T15:33:25","slug":"leg-dich-ruhig-schlafen","status":"publish","type":"page","link":"https:\/\/www.strosseggwirt.at\/?page_id=284","title":{"rendered":"Leg&#8216; dich ruhig schlafen&#8230;"},"content":{"rendered":"\n<h2 class=\"wp-block-heading\">Zimmern<\/h2>\n\n\n\n<p class=\"has-text-align-justify\">In den vier ost-seitig ausgerichteten Zimmern kitzelt dich die Morgen-Sonne sanft aus dem Schlaf. Die frische Almenland-Morgenluft am Balkon hingegen wird deine Lebensgeister wohl schlagartig zu wecken verm\u00f6gen ;-).<\/p>\n\n\n\n<figure class=\"wp-block-image aligncenter size-full is-resized\" id=\"wp-block-themeisle-blocks-image-e75e6e8b\"><img loading=\"lazy\" decoding=\"async\" width=\"1000\" height=\"450\" src=\"https:\/\/www.strosseggwirt.at\/wp-content\/uploads\/2023\/05\/Doppelbettzimmer.png\" alt=\"\" class=\"wp-image-287\" style=\"width:600px;height:270px\" srcset=\"https:\/\/www.strosseggwirt.at\/wp-content\/uploads\/2023\/05\/Doppelbettzimmer.png 1000w, https:\/\/www.strosseggwirt.at\/wp-content\/uploads\/2023\/05\/Doppelbettzimmer-300x135.png 300w, https:\/\/www.strosseggwirt.at\/wp-content\/uploads\/2023\/05\/Doppelbettzimmer-768x346.png 768w\" sizes=\"auto, (max-width: 1000px) 100vw, 1000px\" \/><\/figure>\n\n\n\n<p class=\"has-text-align-center has-small-font-size\"><em>Doppelbett-Zimmer mit Bauernmalerei<\/em><\/p>\n\n\n\n<hr class=\"wp-block-separator has-alpha-channel-opacity\"\/>\n\n\n\n<ul class=\"wp-block-list\">\n<li>4x Doppelbett-Zimmer<\/li>\n\n\n\n<li>1x Doppelbett-Zimmer mit einem Zusatzbett m\u00f6glich<\/li>\n\n\n\n<li>Dusche\/WC, SAT-TV, Balkon&#8230;<\/li>\n<\/ul>\n\n\n\n<hr class=\"wp-block-separator has-alpha-channel-opacity\"\/>\n\n\n\n<p class=\"has-text-align-justify\"><strong>Was soll es kosten?<br><\/strong>F\u00fcr eine Nacht inklusive einem Fr\u00fchst\u00fcck und aller Abgaben w\u00fcrden wir dir bittesch\u00f6n <strong>49,00 \u20ac pro Person<\/strong> verrechnen wollen.<br><\/p>\n\n\n\n<div style=\"height:35px\" aria-hidden=\"true\" class=\"wp-block-spacer\"><\/div>\n\n\n\n<h2 class=\"wp-block-heading\">Pilger-Betten<\/h2>\n\n\n\n<p class=\"has-text-align-justify\">Vom anstrengenden Marsch \u00fcber den Mariazeller-Pilgerweg sch\u00f6pfst du neue Kraft f\u00fcr den n\u00e4chsten Tag in unseren preiswerteren Pilger-Betten mit Etagen-DU\/WC im Haus, im M\u00fchlh\u00e4usl nebenan oder im Schwalbennest unterm Dach.&nbsp;<\/p>\n\n\n\n<figure class=\"wp-block-image aligncenter size-full is-resized is-style-default\" id=\"wp-block-themeisle-blocks-image-f69e67c5\"><img loading=\"lazy\" decoding=\"async\" width=\"1000\" height=\"450\" src=\"https:\/\/www.strosseggwirt.at\/wp-content\/uploads\/2023\/05\/Pilgerlager.png\" alt=\"Pilger-Betten im Hausdachboden\" class=\"wp-image-288\" style=\"width:600px;height:270px\" srcset=\"https:\/\/www.strosseggwirt.at\/wp-content\/uploads\/2023\/05\/Pilgerlager.png 1000w, https:\/\/www.strosseggwirt.at\/wp-content\/uploads\/2023\/05\/Pilgerlager-300x135.png 300w, https:\/\/www.strosseggwirt.at\/wp-content\/uploads\/2023\/05\/Pilgerlager-768x346.png 768w\" sizes=\"auto, (max-width: 1000px) 100vw, 1000px\" \/><\/figure>\n\n\n\n<p class=\"has-text-align-center has-small-font-size\"><em>Pilger-Betten im &#8222;Dachboden&#8220; vom Stro\u00dfeggwirt<\/em><\/p>\n\n\n\n<hr class=\"wp-block-separator has-alpha-channel-opacity\"\/>\n\n\n\n<ul class=\"wp-block-list\">\n<li>bis zu 26 Pilger-Betten in zwei R\u00e4umen im &#8222;Hausdachboden&#8220;<\/li>\n\n\n\n<li>bis zu 32 Pilger-Betten in R\u00e4umen verschiedener Gr\u00f6\u00dfe im &#8222;M\u00fchlh\u00e4usl&#8220;<\/li>\n\n\n\n<li>bis zu 20 Pilger-Betten im &#8222;Schwalbennest&#8220;<\/li>\n<\/ul>\n\n\n\n<hr class=\"wp-block-separator has-alpha-channel-opacity\"\/>\n\n\n\n<p class=\"has-text-align-justify\"><strong>Was soll es kosten?<br><\/strong>F\u00fcr eine Nacht inklusive einem Fr\u00fchst\u00fcck und aller Abgaben w\u00fcrden wir dir bittesch\u00f6n <strong>40,00 \u20ac pro Person<\/strong> verrechnen wollen.<br><\/p>\n\n\n\n<hr class=\"wp-block-separator has-alpha-channel-opacity\"\/>\n\n\n\n<div id=\"wp-block-themeisle-blocks-font-awesome-icons-6a9e7fd8\" class=\"wp-block-themeisle-blocks-font-awesome-icons\"><span class=\"wp-block-themeisle-blocks-font-awesome-icons-container\"><i class=\"fas fa-phone-alt\"><\/i><\/span><\/div>\n\n\n\n<p align=center> <b>Anfragen zu N\u00e4chtigungsreservierungen gerne per <a href=\"tel:+433171260\">Telefon<\/a> oder <a href=\"mailto:gasthaus@strosseggwirt.at?subject=Wir%20wollen%20bei%20euch%20schlafen:\">E-Mail<\/a>. <br\/> Bitte schick&#8216; uns f\u00fcr die tel. Best\u00e4tigung der Reservation im Mail deine Telefonnummer mit.<\/b> <\/p>\n\n\n\n<hr class=\"wp-block-separator has-alpha-channel-opacity\"\/>\n\n\n\n<div style=\"height:70px\" aria-hidden=\"true\" class=\"wp-block-spacer\"><\/div>\n\n\n\n<p class=\"has-small-font-size\"><strong>Hinweis<\/strong><br>Voll- und Halbpension, Erm\u00e4\u00dfigungen bei l\u00e4ngerem Aufenthalt, Einzelbettzuschlag auf Anfrage.<\/p>\n","protected":false},"excerpt":{"rendered":"<p>Zimmern In den vier ost-seitig ausgerichteten Zimmern kitzelt dich die Morgen-Sonne sanft aus dem Schlaf. Die frische Almenland-Morgenluft am Balkon hingegen wird deine Lebensgeister wohl schlagartig zu wecken verm\u00f6gen ;-). Doppelbett-Zimmer mit Bauernmalerei Was soll es kosten?F\u00fcr eine Nacht inklusive einem Fr\u00fchst\u00fcck und aller Abgaben w\u00fcrden wir dir bittesch\u00f6n 49,00 \u20ac pro Person verrechnen wollen. [&hellip;]<\/p>\n","protected":false},"author":1,"featured_media":286,"parent":0,"menu_order":0,"comment_status":"closed","ping_status":"closed","template":"","meta":{"_themeisle_gutenberg_block_has_review":false,"footnotes":""},"class_list":["post-284","page","type-page","status-publish","has-post-thumbnail","hentry"],"jetpack_sharing_enabled":true,"_links":{"self":[{"href":"https:\/\/www.strosseggwirt.at\/index.php?rest_route=\/wp\/v2\/pages\/284","targetHints":{"allow":["GET"]}}],"collection":[{"href":"https:\/\/www.strosseggwirt.at\/index.php?rest_route=\/wp\/v2\/pages"}],"about":[{"href":"https:\/\/www.strosseggwirt.at\/index.php?rest_route=\/wp\/v2\/types\/page"}],"author":[{"embeddable":true,"href":"https:\/\/www.strosseggwirt.at\/index.php?rest_route=\/wp\/v2\/users\/1"}],"replies":[{"embeddable":true,"href":"https:\/\/www.strosseggwirt.at\/index.php?rest_route=%2Fwp%2Fv2%2Fcomments&post=284"}],"version-history":[{"count":10,"href":"https:\/\/www.strosseggwirt.at\/index.php?rest_route=\/wp\/v2\/pages\/284\/revisions"}],"predecessor-version":[{"id":423,"href":"https:\/\/www.strosseggwirt.at\/index.php?rest_route=\/wp\/v2\/pages\/284\/revisions\/423"}],"wp:featuredmedia":[{"embeddable":true,"href":"https:\/\/www.strosseggwirt.at\/index.php?rest_route=\/wp\/v2\/media\/286"}],"wp:attachment":[{"href":"https:\/\/www.strosseggwirt.at\/index.php?rest_route=%2Fwp%2Fv2%2Fmedia&parent=284"}],"curies":[{"name":"wp","href":"https:\/\/api.w.org\/{rel}","templated":true}]}}