{"id":198,"date":"2023-04-08T00:07:08","date_gmt":"2023-04-08T00:07:08","guid":{"rendered":"https:\/\/www.strosseggwirt.at\/?page_id=198"},"modified":"2023-04-10T22:57:03","modified_gmt":"2023-04-10T22:57:03","slug":"das-gasthaus","status":"publish","type":"page","link":"https:\/\/www.strosseggwirt.at\/?page_id=198","title":{"rendered":"Das Gasthaus."},"content":{"rendered":"\n<div id=\"wp-block-themeisle-blocks-tabs-2da2a3f6\" class=\"wp-block-themeisle-blocks-tabs\"><div class=\"wp-block-themeisle-blocks-tabs__content\">\n<div data-title=\"Oide Stub'n\" class=\"wp-block-themeisle-blocks-tabs-item\"><div class=\"wp-block-themeisle-blocks-tabs-item__header\" tabindex=\"0\">Oide Stub&#8217;n<\/div><div class=\"wp-block-themeisle-blocks-tabs-item__content\">\n<div style=\"height:32px\" aria-hidden=\"true\" class=\"wp-block-spacer\"><\/div>\n\n\n\n<figure class=\"wp-block-image aligncenter size-full\" id=\"wp-block-themeisle-blocks-image-aaa518b3\"><img loading=\"lazy\" decoding=\"async\" width=\"350\" height=\"167\" src=\"https:\/\/www.strosseggwirt.at\/wp-content\/uploads\/2023\/04\/gh_oide.jpg\" alt=\"\" class=\"wp-image-205\" srcset=\"https:\/\/www.strosseggwirt.at\/wp-content\/uploads\/2023\/04\/gh_oide.jpg 350w, https:\/\/www.strosseggwirt.at\/wp-content\/uploads\/2023\/04\/gh_oide-300x143.jpg 300w\" sizes=\"auto, (max-width: 350px) 100vw, 350px\" \/><\/figure>\n\n\n\n<hr class=\"wp-block-separator has-alpha-channel-opacity\"\/>\n\n\n\n<p style=\"text-align: justify;\">Durch eine kleine Mauer vom \u00fcbrigen Gastraum getrennt, liegt die 1851 erbaute Stub&#8217;n gesch\u00fctzt und doch mitten drin im Geschehen. Ihren besonderen Charakter erh\u00e4lt sie zweifelsohne durch die Lackierung &#8211; angeblich mit k.k.-Waggonfarben von um die\u00a01900 &#8211; und bei der Renovierung bewusst belassen und behutsam aufgefrischt!<\/p>\n<ul>\n<li style=\"list-style-type: none;\">\n<ul style=\"list-style-type: circle;\">\n<li><strong>Platz f\u00fcr ca. 25-30 Personen<\/strong><\/li>\n<li>Gem\u00fctliche Treffen &amp; Feiern im kleinen Kreis &#8230;<\/li>\n<\/ul>\n<\/li>\n<\/ul>\n<p style=\"text-align: justify;\">Ein Kachelofen sorgt wintertags f\u00fcr wohlige W\u00e4rme &#8211; und so mancher Wanderer nutzt die Gelegenheit, um die vom Regen oder Schnee\u00a0 durch-n\u00e4ssten Schuhe in der N\u00e4he des Ofens zu trocknen.<\/p>\n<\/div><\/div>\n\n\n\n<div data-title=\"Sitzgarten\" class=\"wp-block-themeisle-blocks-tabs-item\"><div class=\"wp-block-themeisle-blocks-tabs-item__header\" tabindex=\"0\">Sitzgarten<\/div><div class=\"wp-block-themeisle-blocks-tabs-item__content\">\n<div style=\"height:32px\" aria-hidden=\"true\" class=\"wp-block-spacer\"><\/div>\n\n\n\n<figure class=\"wp-block-image aligncenter size-full\" id=\"wp-block-themeisle-blocks-image-208b8d4c\"><img loading=\"lazy\" decoding=\"async\" width=\"350\" height=\"167\" src=\"https:\/\/www.strosseggwirt.at\/wp-content\/uploads\/2023\/04\/gh_sitz.jpg\" alt=\"\" class=\"wp-image-212\" srcset=\"https:\/\/www.strosseggwirt.at\/wp-content\/uploads\/2023\/04\/gh_sitz.jpg 350w, https:\/\/www.strosseggwirt.at\/wp-content\/uploads\/2023\/04\/gh_sitz-300x143.jpg 300w\" sizes=\"auto, (max-width: 350px) 100vw, 350px\" \/><\/figure>\n\n\n\n<hr class=\"wp-block-separator has-alpha-channel-opacity\"\/>\n\n\n\n<p style=\"text-align: justify;\">Der &#8222;Troad-Kast&#8217;n&#8220; wurde fr\u00fcher zur Aufbewahrung von Getreide im Obergescho\u00df bzw. f\u00fcr k\u00fchl zu lagernde Lebensmitteln im Erdkeller genutzt. Jetzt ladet ein Sitzgarten neben dem im 17. Jhd erbauten Kast&#8217;n zum Verweilen im Freien ein. Die r\u00fcckseitige Holzwand eines alten Bauernhauses aus der Umgebung bietet Schutz vor dem rauhen Almenwind. Bei der Rast von der Wanderung kannst du dir die Sonne ins Gesicht scheinen lassen &#8211; dann schmeckt der &#8222;G\u00f6sser Natur-Radler&#8220; oder das alkoholfreie &#8222;G\u00f6sser Naturgold&#8220; gleich noch einmal so gut.<\/p>\n<\/div><\/div>\n\n\n\n<div data-title=\"Fest-Saal\" class=\"wp-block-themeisle-blocks-tabs-item\"><div class=\"wp-block-themeisle-blocks-tabs-item__header\" tabindex=\"0\">Fest-Saal<\/div><div class=\"wp-block-themeisle-blocks-tabs-item__content\">\n<div style=\"height:32px\" aria-hidden=\"true\" class=\"wp-block-spacer\"><\/div>\n\n\n\n<figure class=\"wp-block-image aligncenter size-large\" id=\"wp-block-themeisle-blocks-image-f3453a9c\"><img loading=\"lazy\" decoding=\"async\" width=\"350\" height=\"167\" src=\"https:\/\/www.strosseggwirt.at\/wp-content\/uploads\/2023\/04\/gh_saal-1.jpg\" alt=\"\" class=\"wp-image-201\" srcset=\"https:\/\/www.strosseggwirt.at\/wp-content\/uploads\/2023\/04\/gh_saal-1.jpg 350w, https:\/\/www.strosseggwirt.at\/wp-content\/uploads\/2023\/04\/gh_saal-1-300x143.jpg 300w\" sizes=\"auto, (max-width: 350px) 100vw, 350px\" \/><\/figure>\n\n\n\n<hr class=\"wp-block-separator has-alpha-channel-opacity\"\/>\n\n\n\n<p style=\"text-align: justify;\">Aufgrund seiner zentralen Lage und Variabilit\u00e4t ist der Fest-Saal f\u00fcr jede Art von Feierlichkeit geeignet. Akzente setzen die alten M\u00f6bel mit ihren feinen Details. Bei Tisch-Arrangement und Dekoration verwirklichen wir gerne deine Ideen. Ein Beamer wartet auf seinen Einsatz um Bildergalerien oder einen kleinen Vortrag an die Wand zu werfen&#8230;<\/p>\n<ul>\n<li style=\"list-style-type: none;\">\n<ul style=\"list-style-type: circle;\">\n<li><strong>Platz f\u00fcr ca. 55-70 Personen<\/strong><\/li>\n<li>Busgesellschaften<\/li>\n<li>Familien- und Firmenfeiern &#8230;<\/li>\n<li>Pr\u00e4sentationen, Vortr\u00e4ge &#8230;<\/li>\n<\/ul>\n<\/li>\n<\/ul>\n<p style=\"text-align: justify;\">Nach einem feinen Mittagessen oder einer z\u00fcnftigen Jause steigt sogleich die Stimmung, wenn mit den G\u00e4sten gemeinsam aufspielt wird!<\/p>\n<\/div><\/div>\n\n\n\n<div data-title=\"Wintergarten\" class=\"wp-block-themeisle-blocks-tabs-item\"><div class=\"wp-block-themeisle-blocks-tabs-item__header\" tabindex=\"0\">Wintergarten<\/div><div class=\"wp-block-themeisle-blocks-tabs-item__content\">\n<div style=\"height:32px\" aria-hidden=\"true\" class=\"wp-block-spacer\"><\/div>\n\n\n\n<figure class=\"wp-block-image aligncenter size-full\" id=\"wp-block-themeisle-blocks-image-4f2b891b\"><img loading=\"lazy\" decoding=\"async\" width=\"350\" height=\"167\" src=\"https:\/\/www.strosseggwirt.at\/wp-content\/uploads\/2023\/04\/gh_winter.jpg\" alt=\"\" class=\"wp-image-221\" srcset=\"https:\/\/www.strosseggwirt.at\/wp-content\/uploads\/2023\/04\/gh_winter.jpg 350w, https:\/\/www.strosseggwirt.at\/wp-content\/uploads\/2023\/04\/gh_winter-300x143.jpg 300w\" sizes=\"auto, (max-width: 350px) 100vw, 350px\" \/><\/figure>\n\n\n\n<hr class=\"wp-block-separator has-alpha-channel-opacity\"\/>\n\n\n\n<p style=\"text-align: justify;\">Im erweiterten Wintergarten kannst du die Sonne genie\u00dfen und dabei dem<br \/>rauhen Bergwind ein Schnippchen schlagen. Spannende Eindr\u00fccke aus verschiedenen Blickwinkeln ergibt der interessante Mix aus Alt-Holz (gezimmerter Eingang), handgeschlagenen Ton-Ziegelsteinen (Fu\u00dfboden), Thermo-Holz (W\u00e4nde) und L\u00e4rchen-Schindeln.<\/p>\n<ul>\n<li style=\"list-style-type: none;\">\n<ul style=\"list-style-type: circle;\">\n<li><strong>Platz f\u00fcr 50-60 Personen<\/strong><\/li>\n<li>Wanderergruppen<\/li>\n<li>Busgesellschaften &#8230;<\/li>\n<\/ul>\n<\/li>\n<\/ul>\n<p>An regennassen Tag ist gen\u00fcgend Platz f\u00fcr die Wanderer und Pilger, um ihre Kleidung und Schuhe f\u00fcr den n\u00e4chsten Tag trocknen zu lassen.<\/p>\n<\/div><\/div>\n\n\n\n<div data-title=\"G'maut Stub'n\" class=\"wp-block-themeisle-blocks-tabs-item\"><div class=\"wp-block-themeisle-blocks-tabs-item__header\" tabindex=\"0\">G&#8217;maut Stub&#8217;n<\/div><div class=\"wp-block-themeisle-blocks-tabs-item__content\">\n<div style=\"height:32px\" aria-hidden=\"true\" class=\"wp-block-spacer\"><\/div>\n\n\n\n<figure class=\"wp-block-image aligncenter size-full\" id=\"wp-block-themeisle-blocks-image-365d15eb\"><img loading=\"lazy\" decoding=\"async\" width=\"350\" height=\"167\" src=\"https:\/\/www.strosseggwirt.at\/wp-content\/uploads\/2023\/04\/gh_gmaut.jpg\" alt=\"\" class=\"wp-image-210\" srcset=\"https:\/\/www.strosseggwirt.at\/wp-content\/uploads\/2023\/04\/gh_gmaut.jpg 350w, https:\/\/www.strosseggwirt.at\/wp-content\/uploads\/2023\/04\/gh_gmaut-300x143.jpg 300w\" sizes=\"auto, (max-width: 350px) 100vw, 350px\" \/><\/figure>\n\n\n\n<hr class=\"wp-block-separator has-alpha-channel-opacity\"\/>\n\n\n\n<p style=\"text-align: justify;\">Fr\u00fcher war diese Tanz-Stube der einzige gemauerte Raum im alten Stro\u00dfeggwirt &#8211; daher der Name. Vom \u00fcbrigen Bereich etwas abseits gelegen, bietet sie nun eine ruhige Atmosph\u00e4re f\u00fcr besinnliche Feiern.<\/p>\n<ul>\n<li style=\"list-style-type: none;\">\n<ul style=\"list-style-type: circle;\">\n<li><strong>Platz f\u00fcr 25-30 Personen<\/strong><\/li>\n<li>Besonders geeignet f\u00fcr Taufen und Geburtstagsfeiern &#8230;<\/li>\n<\/ul>\n<\/li>\n<\/ul>\n<p style=\"text-align: justify;\">Den besonderen Sound liefert eine alte Wurlitzer-Jukebox mit teils originalen Singles aus den 60er, 70er und 80er-Jahren &#8211; let&#8217;s rock!<\/p>\n<\/div><\/div>\n<\/div><\/div>\n","protected":false},"excerpt":{"rendered":"","protected":false},"author":1,"featured_media":0,"parent":0,"menu_order":0,"comment_status":"closed","ping_status":"closed","template":"","meta":{"_themeisle_gutenberg_block_has_review":false,"footnotes":""},"class_list":["post-198","page","type-page","status-publish","hentry"],"jetpack_sharing_enabled":true,"_links":{"self":[{"href":"https:\/\/www.strosseggwirt.at\/index.php?rest_route=\/wp\/v2\/pages\/198","targetHints":{"allow":["GET"]}}],"collection":[{"href":"https:\/\/www.strosseggwirt.at\/index.php?rest_route=\/wp\/v2\/pages"}],"about":[{"href":"https:\/\/www.strosseggwirt.at\/index.php?rest_route=\/wp\/v2\/types\/page"}],"author":[{"embeddable":true,"href":"https:\/\/www.strosseggwirt.at\/index.php?rest_route=\/wp\/v2\/users\/1"}],"replies":[{"embeddable":true,"href":"https:\/\/www.strosseggwirt.at\/index.php?rest_route=%2Fwp%2Fv2%2Fcomments&post=198"}],"version-history":[{"count":16,"href":"https:\/\/www.strosseggwirt.at\/index.php?rest_route=\/wp\/v2\/pages\/198\/revisions"}],"predecessor-version":[{"id":239,"href":"https:\/\/www.strosseggwirt.at\/index.php?rest_route=\/wp\/v2\/pages\/198\/revisions\/239"}],"wp:attachment":[{"href":"https:\/\/www.strosseggwirt.at\/index.php?rest_route=%2Fwp%2Fv2%2Fmedia&parent=198"}],"curies":[{"name":"wp","href":"https:\/\/api.w.org\/{rel}","templated":true}]}}